{"id":14751,"date":"2021-06-26T11:45:52","date_gmt":"2021-06-26T09:45:52","guid":{"rendered":"https:\/\/www.networkcafe.sk\/produkt\/tricko-network-cafe-panske-classic\/"},"modified":"2021-06-26T13:54:07","modified_gmt":"2021-06-26T11:54:07","slug":"t-shirt-network-cafe-men-classic","status":"publish","type":"product","link":"https:\/\/www.networkcafe.sk\/en\/produkt\/t-shirt-network-cafe-men-classic\/","title":{"rendered":"T-shirt Network Cafe men (classic)"},"content":{"rendered":"<p>Man&#8217;s classic T-shirt NETWORK Cafe<\/p>\n","protected":false},"excerpt":{"rendered":"<p>P\u00e1nsk\u00e9 bavlnen\u00e9 klasick\u00e9 tri\u010dko NETWORK Cafe<\/p>\n","protected":false},"featured_media":14571,"comment_status":"open","ping_status":"closed","template":"","meta":[],"product_brand":[],"product_cat":[85],"product_tag":[103,104,105],"class_list":{"0":"post-14751","1":"product","2":"type-product","3":"status-publish","4":"has-post-thumbnail","6":"product_cat-gifts","7":"product_tag-netowrk-cafe-en","8":"product_tag-panske-en","9":"product_tag-tricko-en","11":"first","12":"instock","13":"taxable","14":"shipping-taxable","15":"purchasable","16":"product-type-variable"},"_links":{"self":[{"href":"https:\/\/www.networkcafe.sk\/en\/wp-json\/wp\/v2\/product\/14751","targetHints":{"allow":["GET"]}}],"collection":[{"href":"https:\/\/www.networkcafe.sk\/en\/wp-json\/wp\/v2\/product"}],"about":[{"href":"https:\/\/www.networkcafe.sk\/en\/wp-json\/wp\/v2\/types\/product"}],"replies":[{"embeddable":true,"href":"https:\/\/www.networkcafe.sk\/en\/wp-json\/wp\/v2\/comments?post=14751"}],"wp:featuredmedia":[{"embeddable":true,"href":"https:\/\/www.networkcafe.sk\/en\/wp-json\/wp\/v2\/media\/14571"}],"wp:attachment":[{"href":"https:\/\/www.networkcafe.sk\/en\/wp-json\/wp\/v2\/media?parent=14751"}],"wp:term":[{"taxonomy":"product_brand","embeddable":true,"href":"https:\/\/www.networkcafe.sk\/en\/wp-json\/wp\/v2\/product_brand?post=14751"},{"taxonomy":"product_cat","embeddable":true,"href":"https:\/\/www.networkcafe.sk\/en\/wp-json\/wp\/v2\/product_cat?post=14751"},{"taxonomy":"product_tag","embeddable":true,"href":"https:\/\/www.networkcafe.sk\/en\/wp-json\/wp\/v2\/product_tag?post=14751"}],"curies":[{"name":"wp","href":"https:\/\/api.w.org\/{rel}","templated":true}]}}